{"id":95,"date":"2020-12-16T19:42:45","date_gmt":"2020-12-16T18:42:45","guid":{"rendered":"http:\/\/www.gillbachbahn.de\/wordpress\/?page_id=95"},"modified":"2026-03-21T13:53:18","modified_gmt":"2026-03-21T12:53:18","slug":"home-2","status":"publish","type":"page","link":"https:\/\/www.gillbachbahn.de\/wordpress\/","title":{"rendered":"Herzlich willkommen beim Feldbahnmuseum Rommerskirchen-Oekoven e.V."},"content":{"rendered":"\n<p>Das Feldbahnmuseum Oekoven e.V. sammelt und pr\u00e4sentiert Fahrzeuge, Anlagen und Einrichtungen aus dem Bereich Feld- und Werkseisenbahnen. Sie sollen f\u00fcr die Nachwelt erhalten und der \u00d6ffentlichkeit mittels einer Demonstrationsanlage m\u00f6glichst wirklichkeitsnah vorgef\u00fchrt werden. Schwerpunkt bildet die Sammlung von Fahrzeugen in 600 mm Spurweite aus den Bereichen Materialtransportbahn, Grubenbahn, Kleinbahn, Baustellenbahn, Landwirtschaftsbahn und milit\u00e4rische Feldbahn. Hinzu kommen ggf. Fahrzeuge anderer Spurweite und Kategorie, sofern sie einen Bezug zur Regionalgeschichte haben.<\/p>\n\n\n\n<p><strong>Unser Wiki-Projekt<\/strong><br>Die Entwicklung des Museums findet auf Basis des FWM-<a href=\"http:\/\/gillbachbahn.bahnwiki.org\/index.php5\/FWM-Museumskonzept\" target=\"_blank\" rel=\"noreferrer noopener\">Museumskonzeptes<\/a>&nbsp;statt. Die Daten werden in einem \u00f6ffentlichen WIKI-System gepflegt:&nbsp;<a href=\"http:\/\/www.feldbahnmuseum.org\/\" target=\"_blank\" rel=\"noreferrer noopener\">www.feldbahnmuseum.org<\/a><\/p>\n\n\n\n<h2 class=\"wp-block-heading\">Winterpause<\/h2>\n\n\n\n<p>Das Museum befindet sich aktuell in der Winterpause und \u00f6ffnet f\u00fcr Besucher wieder ab Mai 2026.<br>Der erste Betriebstag findet am 03.05.2026 statt. <\/p>\n","protected":false},"excerpt":{"rendered":"<p>Das Feldbahnmuseum Oekoven e.V. sammelt und pr\u00e4sentiert Fahrzeuge, Anlagen und Einrichtungen aus dem Bereich Feld- und Werkseisenbahnen. Sie sollen f\u00fcr die Nachwelt erhalten und der \u00d6ffentlichkeit mittels einer Demonstrationsanlage m\u00f6glichst wirklichkeitsnah vorgef\u00fchrt werden. Schwerpunkt bildet die Sammlung von Fahrzeugen in 600 mm Spurweite aus den Bereichen Materialtransportbahn, Grubenbahn, Kleinbahn, Baustellenbahn, Landwirtschaftsbahn und milit\u00e4rische Feldbahn. Hinzu kommen ggf. Fahrzeuge anderer Spurweite und Kategorie, sofern sie einen Bezug zur Regionalgeschichte haben. Unser Wiki-ProjektDie Entwicklung des Museums findet auf Basis des FWM-Museumskonzeptes&nbsp;statt. Die Daten werden in einem \u00f6ffentlichen WIKI-System gepflegt:&nbsp;www.feldbahnmuseum.org Winterpause Das Museum befindet sich aktuell in der Winterpause und \u00f6ffnet f\u00fcr Besucher&#8230; <\/p>\n","protected":false},"author":4,"featured_media":0,"parent":0,"menu_order":0,"comment_status":"closed","ping_status":"closed","template":"template-parts\/template-full-width.php","meta":{"footnotes":""},"class_list":["post-95","page","type-page","status-publish","hentry"],"publishpress_future_action":{"enabled":false,"date":"2026-04-11 14:57:24","action":"change-status","newStatus":"draft","terms":[],"taxonomy":"","extraData":[]},"publishpress_future_workflow_manual_trigger":{"enabledWorkflows":[]},"_links":{"self":[{"href":"https:\/\/www.gillbachbahn.de\/wordpress\/wp-json\/wp\/v2\/pages\/95","targetHints":{"allow":["GET"]}}],"collection":[{"href":"https:\/\/www.gillbachbahn.de\/wordpress\/wp-json\/wp\/v2\/pages"}],"about":[{"href":"https:\/\/www.gillbachbahn.de\/wordpress\/wp-json\/wp\/v2\/types\/page"}],"author":[{"embeddable":true,"href":"https:\/\/www.gillbachbahn.de\/wordpress\/wp-json\/wp\/v2\/users\/4"}],"replies":[{"embeddable":true,"href":"https:\/\/www.gillbachbahn.de\/wordpress\/wp-json\/wp\/v2\/comments?post=95"}],"version-history":[{"count":57,"href":"https:\/\/www.gillbachbahn.de\/wordpress\/wp-json\/wp\/v2\/pages\/95\/revisions"}],"predecessor-version":[{"id":1070,"href":"https:\/\/www.gillbachbahn.de\/wordpress\/wp-json\/wp\/v2\/pages\/95\/revisions\/1070"}],"wp:attachment":[{"href":"https:\/\/www.gillbachbahn.de\/wordpress\/wp-json\/wp\/v2\/media?parent=95"}],"curies":[{"name":"wp","href":"https:\/\/api.w.org\/{rel}","templated":true}]}}