{"id":306,"date":"2021-06-10T18:24:09","date_gmt":"2021-06-10T16:24:09","guid":{"rendered":"https:\/\/www.gillbachbahn.de\/wordpress\/?page_id=306"},"modified":"2022-02-27T19:01:13","modified_gmt":"2022-02-27T18:01:13","slug":"feiern-veranstaltungen-im-bistro-600","status":"publish","type":"page","link":"https:\/\/www.gillbachbahn.de\/wordpress\/besondere-erlebnisse\/feiern-veranstaltungen-im-bistro-600\/","title":{"rendered":"Bistro 600 mieten"},"content":{"rendered":"\n<p>Sie planen eine Veranstaltung und m\u00f6chten diese im Bistro 600 des Feldbahnmuseums Oekoven austragen? Gerne! Wir bieten Ihnen unsere R\u00e4umlichkeiten f\u00fcr Familienfeiern, Betriebsfeste, Hochzeiten, Firmen-Events und als Versammlungsraum an. <\/p>\n\n\n\n<p>Alle wichtigen Informationen haben wir Ihnen in unserem Flyer &#8222;Miete mich&#8220; zusammengefasst. <\/p>\n\n\n\n<div class=\"wp-block-file\"><a href=\"https:\/\/www.gillbachbahn.de\/wordpress\/wp-content\/uploads\/2022\/02\/FWM-Bistro600_Miete_mich.pdf\">FWM-Bistro600_Miete_mich<\/a><a href=\"https:\/\/www.gillbachbahn.de\/wordpress\/wp-content\/uploads\/2022\/02\/FWM-Bistro600_Miete_mich.pdf\" class=\"wp-block-file__button\" download>Herunterladen<\/a><\/div>\n\n\n\n<p>Ute Mandelartz freut sich auf Ihre Kontaktanfrage und steht Ihnen bei der Planung Ihres Events mit Rat und Tat zur Seite. <br>Sie erreichen sie telefonisch unter 0172 &#8211; 245 89 05. Vereinbaren Sie doch gleich einen unverbindlichen Besichtigungstermin.<\/p>\n\n\n\n<p><em>\u00c4nderungen vorbehalten. Stand: Februar 2022<\/em><\/p>\n\n\n\n<p> <\/p>\n","protected":false},"excerpt":{"rendered":"<p>Sie planen eine Veranstaltung und m\u00f6chten diese im Bistro 600 des Feldbahnmuseums Oekoven austragen? Gerne! Wir bieten Ihnen unsere R\u00e4umlichkeiten f\u00fcr Familienfeiern, Betriebsfeste, Hochzeiten, Firmen-Events und als Versammlungsraum an. Alle wichtigen Informationen haben wir Ihnen in unserem Flyer &#8222;Miete mich&#8220; zusammengefasst. Ute Mandelartz freut sich auf Ihre Kontaktanfrage und steht Ihnen bei der Planung Ihres Events mit Rat und Tat zur Seite. Sie erreichen sie telefonisch unter 0172 &#8211; 245 89 05. Vereinbaren Sie doch gleich einen unverbindlichen Besichtigungstermin. \u00c4nderungen vorbehalten. Stand: Februar 2022<\/p>\n","protected":false},"author":4,"featured_media":0,"parent":267,"menu_order":0,"comment_status":"closed","ping_status":"closed","template":"template-parts\/template-full-width.php","meta":{"footnotes":""},"class_list":["post-306","page","type-page","status-publish","hentry"],"publishpress_future_action":{"enabled":false,"date":"2026-04-20 18:31:01","action":"change-status","newStatus":"draft","terms":[],"taxonomy":"","extraData":[]},"publishpress_future_workflow_manual_trigger":{"enabledWorkflows":[]},"_links":{"self":[{"href":"https:\/\/www.gillbachbahn.de\/wordpress\/wp-json\/wp\/v2\/pages\/306","targetHints":{"allow":["GET"]}}],"collection":[{"href":"https:\/\/www.gillbachbahn.de\/wordpress\/wp-json\/wp\/v2\/pages"}],"about":[{"href":"https:\/\/www.gillbachbahn.de\/wordpress\/wp-json\/wp\/v2\/types\/page"}],"author":[{"embeddable":true,"href":"https:\/\/www.gillbachbahn.de\/wordpress\/wp-json\/wp\/v2\/users\/4"}],"replies":[{"embeddable":true,"href":"https:\/\/www.gillbachbahn.de\/wordpress\/wp-json\/wp\/v2\/comments?post=306"}],"version-history":[{"count":6,"href":"https:\/\/www.gillbachbahn.de\/wordpress\/wp-json\/wp\/v2\/pages\/306\/revisions"}],"predecessor-version":[{"id":540,"href":"https:\/\/www.gillbachbahn.de\/wordpress\/wp-json\/wp\/v2\/pages\/306\/revisions\/540"}],"up":[{"embeddable":true,"href":"https:\/\/www.gillbachbahn.de\/wordpress\/wp-json\/wp\/v2\/pages\/267"}],"wp:attachment":[{"href":"https:\/\/www.gillbachbahn.de\/wordpress\/wp-json\/wp\/v2\/media?parent=306"}],"curies":[{"name":"wp","href":"https:\/\/api.w.org\/{rel}","templated":true}]}}