{"id":267,"date":"2021-05-30T14:47:18","date_gmt":"2021-05-30T12:47:18","guid":{"rendered":"https:\/\/www.gillbachbahn.de\/wordpress\/?page_id=267"},"modified":"2022-07-13T22:20:47","modified_gmt":"2022-07-13T20:20:47","slug":"besondere-erlebnisse","status":"publish","type":"page","link":"https:\/\/www.gillbachbahn.de\/wordpress\/besondere-erlebnisse\/","title":{"rendered":"Besondere Erlebnisse"},"content":{"rendered":"\n<p>Sie m\u00f6chten ein besonderes Erlebnis mit einer Gruppe teilen? Oder suchen Sie nach einem passenden Geschenk f\u00fcr eine\/n Eisenbahnfreund\/in? Dann haben wir genau das passende f\u00fcr Sie! Nachstehend finden Sie hierf\u00fcr unser Angebot.<\/p>\n\n\n\n<figure class=\"wp-block-table is-style-stripes\"><table><tbody><tr><td>Eine Dieselzugfahrt f\u00fcr bis 50 Personen in Verbindung mit einem Besuch unseres Bistros <br>bei Kaffee und Kuchen (au\u00dferhalb des Betriebstages nach Vereinbarung)&nbsp;<\/td><td>150 \u20ac<br><\/td><\/tr><tr><td>Eine Dampfzugfahrt f\u00fcr bis zu 50 Personen in Verbindung mit einem Besuch unseres Bistros <br>bei Kaffee und Kuchen (Vorbereitungszeit ca. 4 Std.)<br>(au\u00dferhalb des Betriebstages nach Vereinbarung)<\/td><td>450 \u20ac <\/td><\/tr><tr><td>Museumsf\u00fchrung Dauer 0,5 Std.&nbsp;(Gruppe bis 15 Pers.)&nbsp;&nbsp;&nbsp;&nbsp;&nbsp;&nbsp;&nbsp;&nbsp;&nbsp;&nbsp;&nbsp;&nbsp;&nbsp;&nbsp;&nbsp;&nbsp;&nbsp;&nbsp;&nbsp;&nbsp;&nbsp;&nbsp;&nbsp;&nbsp;&nbsp;&nbsp;&nbsp;&nbsp;&nbsp;&nbsp;&nbsp;&nbsp;&nbsp;&nbsp;&nbsp;&nbsp;&nbsp;&nbsp;&nbsp;&nbsp;&nbsp;&nbsp;&nbsp;&nbsp;&nbsp;&nbsp;&nbsp;&nbsp;&nbsp;&nbsp;&nbsp;&nbsp;&nbsp;&nbsp;&nbsp;&nbsp;&nbsp;&nbsp;&nbsp;&nbsp;&nbsp;&nbsp;&nbsp;&nbsp;&nbsp;&nbsp;&nbsp;&nbsp;&nbsp;<\/td><td>50 \u20ac<\/td><\/tr><tr><td>Eine F\u00fchrerstandsmitfahrt auf der Dampflok an einem Betriebstag<\/td><td>60 \u20ac<\/td><\/tr><tr><td>Eine F\u00fchrerstandsmitfahrt auf der Diesellok an einem Betriebstag<\/td><td>40 \u20ac<\/td><\/tr><\/tbody><\/table><\/figure>\n\n\n\n<p>Sie sind interessiert und m\u00f6chten ein Erlebnis buchen? <br>Dann freuen wir uns \u00fcber Ihre Anfrage per E-Mail an info@gillbachbahn.de oder telefonisch unter +49 (0)2183 80 68 377.<\/p>\n","protected":false},"excerpt":{"rendered":"<p>Sie m\u00f6chten ein besonderes Erlebnis mit einer Gruppe teilen? Oder suchen Sie nach einem passenden Geschenk f\u00fcr eine\/n Eisenbahnfreund\/in? Dann haben wir genau das passende f\u00fcr Sie! Nachstehend finden Sie hierf\u00fcr unser Angebot. Eine Dieselzugfahrt f\u00fcr bis 50 Personen in Verbindung mit einem Besuch unseres Bistros bei Kaffee und Kuchen (au\u00dferhalb des Betriebstages nach Vereinbarung)&nbsp; 150 \u20ac Eine Dampfzugfahrt f\u00fcr bis zu 50 Personen in Verbindung mit einem Besuch unseres Bistros bei Kaffee und Kuchen (Vorbereitungszeit ca. 4 Std.)(au\u00dferhalb des Betriebstages nach Vereinbarung) 450 \u20ac Museumsf\u00fchrung Dauer 0,5 Std.&nbsp;(Gruppe bis 15 Pers.)&nbsp;&nbsp;&nbsp;&nbsp;&nbsp;&nbsp;&nbsp;&nbsp;&nbsp;&nbsp;&nbsp;&nbsp;&nbsp;&nbsp;&nbsp;&nbsp;&nbsp;&nbsp;&nbsp;&nbsp;&nbsp;&nbsp;&nbsp;&nbsp;&nbsp;&nbsp;&nbsp;&nbsp;&nbsp;&nbsp;&nbsp;&nbsp;&nbsp;&nbsp;&nbsp;&nbsp;&nbsp;&nbsp;&nbsp;&nbsp;&nbsp;&nbsp;&nbsp;&nbsp;&nbsp;&nbsp;&nbsp;&nbsp;&nbsp;&nbsp;&nbsp;&nbsp;&nbsp;&nbsp;&nbsp;&nbsp;&nbsp;&nbsp;&nbsp;&nbsp;&nbsp;&nbsp;&nbsp;&nbsp;&nbsp;&nbsp;&nbsp;&nbsp;&nbsp; 50 \u20ac Eine F\u00fchrerstandsmitfahrt auf der Dampflok an&#8230; <\/p>\n","protected":false},"author":4,"featured_media":0,"parent":0,"menu_order":0,"comment_status":"closed","ping_status":"closed","template":"template-parts\/template-full-width.php","meta":{"footnotes":""},"class_list":["post-267","page","type-page","status-publish","hentry"],"publishpress_future_action":{"enabled":false,"date":"2026-04-22 02:55:35","action":"change-status","newStatus":"draft","terms":[],"taxonomy":"","extraData":[]},"publishpress_future_workflow_manual_trigger":{"enabledWorkflows":[]},"_links":{"self":[{"href":"https:\/\/www.gillbachbahn.de\/wordpress\/wp-json\/wp\/v2\/pages\/267","targetHints":{"allow":["GET"]}}],"collection":[{"href":"https:\/\/www.gillbachbahn.de\/wordpress\/wp-json\/wp\/v2\/pages"}],"about":[{"href":"https:\/\/www.gillbachbahn.de\/wordpress\/wp-json\/wp\/v2\/types\/page"}],"author":[{"embeddable":true,"href":"https:\/\/www.gillbachbahn.de\/wordpress\/wp-json\/wp\/v2\/users\/4"}],"replies":[{"embeddable":true,"href":"https:\/\/www.gillbachbahn.de\/wordpress\/wp-json\/wp\/v2\/comments?post=267"}],"version-history":[{"count":9,"href":"https:\/\/www.gillbachbahn.de\/wordpress\/wp-json\/wp\/v2\/pages\/267\/revisions"}],"predecessor-version":[{"id":612,"href":"https:\/\/www.gillbachbahn.de\/wordpress\/wp-json\/wp\/v2\/pages\/267\/revisions\/612"}],"wp:attachment":[{"href":"https:\/\/www.gillbachbahn.de\/wordpress\/wp-json\/wp\/v2\/media?parent=267"}],"curies":[{"name":"wp","href":"https:\/\/api.w.org\/{rel}","templated":true}]}}