{"id":257,"date":"2021-05-30T14:28:20","date_gmt":"2021-05-30T12:28:20","guid":{"rendered":"https:\/\/www.gillbachbahn.de\/wordpress\/?page_id=257"},"modified":"2026-03-21T13:50:30","modified_gmt":"2026-03-21T12:50:30","slug":"impressum","status":"publish","type":"page","link":"https:\/\/www.gillbachbahn.de\/wordpress\/impressum\/","title":{"rendered":"Impressum"},"content":{"rendered":"\n<h2 class=\"wp-block-heading\">Angaben gem\u00e4\u00df \u00a7 5 TMG<\/h2>\n\n\n\n<p>Feld- und Werksbahnmuseum Rommerskirchen-Oekoven e.V. (FWM)<br>Zur Werksbahn 1<br>41569 Rommerskirchen<\/p>\n\n\n\n<p>Vereinsregister: 396<br>Registergericht: Grevenbroich<\/p>\n\n\n\n<p>Inhalte des Vereins &#8222;Historische Feldbahnsammlung e.V. (HFS)&#8220; werden im Auftrag der HFS in der Verantwortung des FWM hier ver\u00f6ffentlicht.<\/p>\n\n\n\n<h2 class=\"wp-block-heading\">Das FWM wird vertreten durch<\/h2>\n\n\n\n<ul class=\"wp-block-list\">\n<li>Marcus Mandelartz (1. Vorsitzender)<\/li>\n\n\n\n<li>Lothar Dehne (2. Vorsitzender)<\/li>\n\n\n\n<li>Ulrike Wilms (Kassiererin)<\/li>\n<\/ul>\n\n\n\n<h2 class=\"wp-block-heading\">Kontakt<\/h2>\n\n\n\n<p>Telefon: +49 2183 8068377<br>Telefax: +49 3212 8416693<br>E-Mail:\u00a0info [at] gillbachbahn.de<\/p>\n\n\n\n<h2 class=\"wp-block-heading\">Umsatzsteuer-ID<\/h2>\n\n\n\n<p>Umsatzsteuer-Identifikationsnummer gem\u00e4\u00df \u00a7 27 a Umsatzsteuergesetz: DE119958194<\/p>\n\n\n\n<h2 class=\"wp-block-heading\">Verantwortliche Person<\/h2>\n\n\n\n<p>Verantwortlich f\u00fcr den Inhalt nach \u00a7 55 Abs. 2 RStV: Marcus Mandelartz<br>Datenschutzbeauftragter: Armin Blaschke<\/p>\n\n\n\n<h2 class=\"wp-block-heading\">AGB<\/h2>\n\n\n\n<p>Es gelten die&nbsp;<a href=\"http:\/\/www.info.gillbachbahn.de\/info\/FWM_AGB.pdf\" target=\"_blank\" rel=\"noreferrer noopener\">AGB<\/a>&nbsp;des Feldbahnmuseums Rommerskirchen-Oekoven.<\/p>\n\n\n\n<h2 class=\"wp-block-heading\">EU-Streitschlichtung<\/h2>\n\n\n\n<p>Die Europ\u00e4ische Kommission stellt eine Plattform zur Online-Streitbeilegung (OS) bereit:&nbsp;<a href=\"https:\/\/ec.europa.eu\/consumers\/odr.\">https:\/\/ec.europa.eu\/consumers\/odr.<\/a>&nbsp;Unsere E-Mail-Adresse finden Sie oben im Impressum. Verbraucherstreitbeilegung\/Universalschlichtungsstelle. Wir sind nicht bereit oder verpflichtet, an Streitbeilegungsverfahren vor einer Verbraucherschlichtungsstelle teilzunehmen.<\/p>\n\n\n\n<h2 class=\"wp-block-heading\">Haftung f\u00fcr Inhalte<\/h2>\n\n\n\n<p>Alle Angaben erfolgen nach bestem Wissen und Gewissen &#8211; Irrt\u00fcmer und \u00c4nderungen vorbehalten. Der Seitenbetreiber kann keine Gew\u00e4hr f\u00fcr die Richtigkeit und Vollst\u00e4ndigkeit der Angaben auf diesen Webseiten \u00fcbernehmen. Jederzeitige \u00c4nderungen bleiben vorbehalten. Jegliche Haftung f\u00fcr Sch\u00e4den, die durch Fehler auf dieser Website entstehen, ist -soweit gesetzlich zul\u00e4ssig- ausgeschlossen. Anspr\u00fcche nach dem Produkthaftungsgesetz bleiben unber\u00fchrt.<\/p>\n\n\n\n<p>Als Diensteanbieter sind wir gem\u00e4\u00df \u00a7 7 Abs.1 TMG f\u00fcr eigene Inhalte auf diesen Seiten nach den allgemeinen Gesetzen verantwortlich.<\/p>\n\n\n\n<p>Nach \u00a7\u00a7 8 bis 10 TMG sind wir als Diensteanbieter jedoch nicht verpflichtet, \u00fcbermittelte oder gespeicherte fremde Informationen zu \u00fcberwachen oder nach Umst\u00e4nden zu forschen, die auf eine rechtswidrige T\u00e4tigkeit hinweisen. Verpflichtungen zur Entfernung oder Sperrung der Nutzung von Informationen nach den allgemeinen Gesetzen bleiben hiervon unber\u00fchrt.<\/p>\n\n\n\n<p>Eine diesbez\u00fcgliche Haftung ist jedoch erst ab dem Zeitpunkt der Kenntnis einer konkreten Rechtsverletzung m\u00f6glich. Bei Bekanntwerden von entsprechenden Rechtsverletzungen werden wir diese Inhalte umgehend entfernen.<\/p>\n\n\n\n<h2 class=\"wp-block-heading\">Haftung f\u00fcr Links<\/h2>\n\n\n\n<p>Unser Angebot enth\u00e4lt Links zu externen Websites Dritter, auf deren Inhalte wir keinen Einfluss haben. Deshalb k\u00f6nnen wir f\u00fcr diese fremden Inhalte auch keine Gew\u00e4hr \u00fcbernehmen. F\u00fcr die Inhalte der verlinkten Seiten ist stets der jeweilige Anbieter oder Betreiber der Seiten verantwortlich. Die verlinkten Seiten wurden zum Zeitpunkt der Verlinkung auf m\u00f6gliche Rechtsverst\u00f6\u00dfe \u00fcberpr\u00fcft. Rechtswidrige Inhalte waren zum Zeitpunkt der Verlinkung nicht erkennbar. Eine permanente inhaltliche Kontrolle der verlinkten Seiten ist jedoch ohne konkrete Anhaltspunkte einer Rechtsverletzung nicht zumutbar. Bei Bekanntwerden von Rechtsverletzungen werden wir derartige Links umgehend entfernen.<\/p>\n\n\n\n<h2 class=\"wp-block-heading\">Urheberrecht<\/h2>\n\n\n\n<p>Alle Rechte vorbehalten. Jegliche Vervielf\u00e4ltigung oder Weiterverbreitung in jedem Medium als Ganzes oder in Teilen bedarf unserer schriftlichen Zustimmung.<\/p>\n\n\n\n<p>Alle hier verwendeten Namen, Begriffe, Zeichen und Grafiken k\u00f6nnen Marken- oder Warenzeichen im Besitze ihrer rechtlichen Eigent\u00fcmer sein.<\/p>\n\n\n\n<p>Die Rechte aller erw\u00e4hnten und benutzten Marken- und Warenzeichen liegen ausschlie\u00dflich bei deren Besitzern.<\/p>\n\n\n\n<p>Die durch die Seitenbetreiber erstellten Inhalte und Werke auf diesen Seiten unterliegen dem deutschen Urheberrecht. Die Vervielf\u00e4ltigung, Bearbeitung, Verbreitung und jede Art der Verwertung au\u00dferhalb der Grenzen des Urheberrechtes bed\u00fcrfen der schriftlichen Zustimmung des jeweiligen Autors bzw. Erstellers. Downloads und Kopien dieser Seite sind nur f\u00fcr den privaten, nicht kommerziellen Gebrauch gestattet. Soweit die Inhalte auf dieser Seite nicht vom Betreiber erstellt wurden, werden die Urheberrechte Dritter beachtet. Insbesondere werden Inhalte Dritter als solche gekennzeichnet. Sollten Sie trotzdem auf eine Urheberrechtsverletzung aufmerksam werden, bitten wir um einen entsprechenden Hinweis. Bei Bekanntwerden von Rechtsverletzungen werden wir derartige Inhalte umgehend entfernen.<\/p>\n\n\n\n<h2 class=\"wp-block-heading\">Quelle<\/h2>\n\n\n\n<p><a href=\"https:\/\/www.e-recht24.de\/\" target=\"_blank\" rel=\"noreferrer noopener\">eRecht24.de<\/a><\/p>\n","protected":false},"excerpt":{"rendered":"<p>Angaben gem\u00e4\u00df \u00a7 5 TMG Feld- und Werksbahnmuseum Rommerskirchen-Oekoven e.V. (FWM)Zur Werksbahn 141569 Rommerskirchen Vereinsregister: 396Registergericht: Grevenbroich Inhalte des Vereins &#8222;Historische Feldbahnsammlung e.V. (HFS)&#8220; werden im Auftrag der HFS in der Verantwortung des FWM hier ver\u00f6ffentlicht. Das FWM wird vertreten durch Kontakt Telefon: +49 2183 8068377Telefax: +49 3212 8416693E-Mail:\u00a0info [at] gillbachbahn.de Umsatzsteuer-ID Umsatzsteuer-Identifikationsnummer gem\u00e4\u00df \u00a7 27 a Umsatzsteuergesetz: DE119958194 Verantwortliche Person Verantwortlich f\u00fcr den Inhalt nach \u00a7 55 Abs. 2 RStV: Marcus MandelartzDatenschutzbeauftragter: Armin Blaschke AGB Es gelten die&nbsp;AGB&nbsp;des Feldbahnmuseums Rommerskirchen-Oekoven. EU-Streitschlichtung Die Europ\u00e4ische Kommission stellt eine Plattform zur Online-Streitbeilegung (OS) bereit:&nbsp;https:\/\/ec.europa.eu\/consumers\/odr.&nbsp;Unsere E-Mail-Adresse finden Sie oben im Impressum. Verbraucherstreitbeilegung\/Universalschlichtungsstelle. Wir&#8230; <\/p>\n","protected":false},"author":4,"featured_media":0,"parent":0,"menu_order":0,"comment_status":"closed","ping_status":"closed","template":"template-parts\/template-full-width.php","meta":{"footnotes":""},"class_list":["post-257","page","type-page","status-publish","hentry"],"publishpress_future_action":{"enabled":false,"date":"2026-04-20 17:31:14","action":"change-status","newStatus":"draft","terms":[],"taxonomy":"","extraData":[]},"publishpress_future_workflow_manual_trigger":{"enabledWorkflows":[]},"_links":{"self":[{"href":"https:\/\/www.gillbachbahn.de\/wordpress\/wp-json\/wp\/v2\/pages\/257","targetHints":{"allow":["GET"]}}],"collection":[{"href":"https:\/\/www.gillbachbahn.de\/wordpress\/wp-json\/wp\/v2\/pages"}],"about":[{"href":"https:\/\/www.gillbachbahn.de\/wordpress\/wp-json\/wp\/v2\/types\/page"}],"author":[{"embeddable":true,"href":"https:\/\/www.gillbachbahn.de\/wordpress\/wp-json\/wp\/v2\/users\/4"}],"replies":[{"embeddable":true,"href":"https:\/\/www.gillbachbahn.de\/wordpress\/wp-json\/wp\/v2\/comments?post=257"}],"version-history":[{"count":6,"href":"https:\/\/www.gillbachbahn.de\/wordpress\/wp-json\/wp\/v2\/pages\/257\/revisions"}],"predecessor-version":[{"id":1067,"href":"https:\/\/www.gillbachbahn.de\/wordpress\/wp-json\/wp\/v2\/pages\/257\/revisions\/1067"}],"wp:attachment":[{"href":"https:\/\/www.gillbachbahn.de\/wordpress\/wp-json\/wp\/v2\/media?parent=257"}],"curies":[{"name":"wp","href":"https:\/\/api.w.org\/{rel}","templated":true}]}}