{"id":238,"date":"2021-05-02T18:00:51","date_gmt":"2021-05-02T16:00:51","guid":{"rendered":"https:\/\/www.gillbachbahn.de\/wordpress\/?page_id=238"},"modified":"2023-02-28T11:58:47","modified_gmt":"2023-02-28T10:58:47","slug":"bistro600","status":"publish","type":"page","link":"https:\/\/www.gillbachbahn.de\/wordpress\/bistro600\/","title":{"rendered":"BISTRO 600"},"content":{"rendered":"\n<p>Wir hei\u00dfen Sie in unserem Caf\u00e9 &#8222;BISTRO 600&#8220; herzlich willkommen und laden Sie ein, auf unserem Museumsgel\u00e4nde zu verweilen. Hierzu bieten wir Ihnen in unserem Bistro an unseren Betriebstagen eine Vielzahl an warmen und kalten Getr\u00e4nken und Speisen an. Die Preise f\u00fcr z.B. Currywurst mit Pommes, Waffeln, Kuchen und Getr\u00e4nke h\u00e4ngen im BISTRO 600 aus oder k\u00f6nnen <a href=\"mailto: ute.mandelartz@feldbahnmuseum.org\">HIER<\/a> angefragt werden.<\/p>\n\n\n\n<p>Wenn Sie den Raum des Bistros anmieten m\u00f6chten (z.B. f\u00fcr eine eigene Veranstaltung) finden Sie Informationen dazu unter BESONDERE ERLEBNISSE &#8211;> <a href=\"https:\/\/www.gillbachbahn.de\/wordpress\/besondere-erlebnisse\/feiern-veranstaltungen-im-bistro-600\/\">BISTRO 600 MIETEN<\/a> !<\/p>\n\n\n\n<p><\/p>\n","protected":false},"excerpt":{"rendered":"<p>Wir hei\u00dfen Sie in unserem Caf\u00e9 &#8222;BISTRO 600&#8220; herzlich willkommen und laden Sie ein, auf unserem Museumsgel\u00e4nde zu verweilen. Hierzu bieten wir Ihnen in unserem Bistro an unseren Betriebstagen eine Vielzahl an warmen und kalten Getr\u00e4nken und Speisen an. Die Preise f\u00fcr z.B. Currywurst mit Pommes, Waffeln, Kuchen und Getr\u00e4nke h\u00e4ngen im BISTRO 600 aus oder k\u00f6nnen HIER angefragt werden. Wenn Sie den Raum des Bistros anmieten m\u00f6chten (z.B. f\u00fcr eine eigene Veranstaltung) finden Sie Informationen dazu unter BESONDERE ERLEBNISSE &#8211;> BISTRO 600 MIETEN !<\/p>\n","protected":false},"author":4,"featured_media":0,"parent":0,"menu_order":0,"comment_status":"closed","ping_status":"closed","template":"template-parts\/template-full-width.php","meta":{"footnotes":""},"class_list":["post-238","page","type-page","status-publish","hentry"],"publishpress_future_action":{"enabled":false,"date":"2026-04-20 17:31:42","action":"change-status","newStatus":"draft","terms":[],"taxonomy":"","extraData":[]},"publishpress_future_workflow_manual_trigger":{"enabledWorkflows":[]},"_links":{"self":[{"href":"https:\/\/www.gillbachbahn.de\/wordpress\/wp-json\/wp\/v2\/pages\/238","targetHints":{"allow":["GET"]}}],"collection":[{"href":"https:\/\/www.gillbachbahn.de\/wordpress\/wp-json\/wp\/v2\/pages"}],"about":[{"href":"https:\/\/www.gillbachbahn.de\/wordpress\/wp-json\/wp\/v2\/types\/page"}],"author":[{"embeddable":true,"href":"https:\/\/www.gillbachbahn.de\/wordpress\/wp-json\/wp\/v2\/users\/4"}],"replies":[{"embeddable":true,"href":"https:\/\/www.gillbachbahn.de\/wordpress\/wp-json\/wp\/v2\/comments?post=238"}],"version-history":[{"count":14,"href":"https:\/\/www.gillbachbahn.de\/wordpress\/wp-json\/wp\/v2\/pages\/238\/revisions"}],"predecessor-version":[{"id":721,"href":"https:\/\/www.gillbachbahn.de\/wordpress\/wp-json\/wp\/v2\/pages\/238\/revisions\/721"}],"wp:attachment":[{"href":"https:\/\/www.gillbachbahn.de\/wordpress\/wp-json\/wp\/v2\/media?parent=238"}],"curies":[{"name":"wp","href":"https:\/\/api.w.org\/{rel}","templated":true}]}}