{"id":207,"date":"2021-05-02T16:45:05","date_gmt":"2021-05-02T14:45:05","guid":{"rendered":"https:\/\/www.gillbachbahn.de\/wordpress\/?page_id=207"},"modified":"2021-06-10T19:17:30","modified_gmt":"2021-06-10T17:17:30","slug":"tag-auf-der-dampflok","status":"publish","type":"page","link":"https:\/\/www.gillbachbahn.de\/wordpress\/tag-auf-der-dampflok\/","title":{"rendered":"Ein Tag auf der Dampflok"},"content":{"rendered":"\n<p>Ein ideales Geschenk: &#8222;<strong><em>Ein Tag auf der Lok&#8220;<br><\/em><\/strong><br>Machen Sie sich selbst oder der Familie eine Freude. Unter fachlicher Anleitung des Lokf\u00fchrers verbringen Sie an einem Betriebstag ein Tag auf Lok und k\u00f6nnen sogar selbst einmal &#8222;Hand anlegen&#8220;.<br><br>Ein Tag auf der Lok kostet 250,00 \u20ac inkl. MwSt.<\/p>\n\n\n\n<p>Dieses Erlebnis beinhaltet die Mitfahrt am F\u00fchrerstand an einem Betriebstag, ein Mittagessen, 2 Softgetr\u00e4nke, 1 Becher Kaffee und 1 St\u00fcck Kuchen. Zus\u00e4tzlich erhalten Sie ein Lok-4-Heft. <\/p>\n\n\n\n<p>Wir haben Ihr Interesse geweckt? Dann freuen wir uns auf Ihre Anfrage per E-Mail an info(a)gillbachbahn.de oder telefonisch unter 02183 80 68 377.<\/p>\n","protected":false},"excerpt":{"rendered":"<p>Ein ideales Geschenk: &#8222;Ein Tag auf der Lok&#8220;Machen Sie sich selbst oder der Familie eine Freude. Unter fachlicher Anleitung des Lokf\u00fchrers verbringen Sie an einem Betriebstag ein Tag auf Lok und k\u00f6nnen sogar selbst einmal &#8222;Hand anlegen&#8220;. Ein Tag auf der Lok kostet 250,00 \u20ac inkl. MwSt. Dieses Erlebnis beinhaltet die Mitfahrt am F\u00fchrerstand an einem Betriebstag, ein Mittagessen, 2 Softgetr\u00e4nke, 1 Becher Kaffee und 1 St\u00fcck Kuchen. Zus\u00e4tzlich erhalten Sie ein Lok-4-Heft. Wir haben Ihr Interesse geweckt? Dann freuen wir uns auf Ihre Anfrage per E-Mail an info(a)gillbachbahn.de oder telefonisch unter 02183 80 68 377.<\/p>\n","protected":false},"author":4,"featured_media":0,"parent":0,"menu_order":0,"comment_status":"closed","ping_status":"closed","template":"template-parts\/template-full-width.php","meta":{"footnotes":""},"class_list":["post-207","page","type-page","status-publish","hentry"],"publishpress_future_action":{"enabled":false,"date":"2026-04-20 19:08:55","action":"change-status","newStatus":"draft","terms":[],"taxonomy":"","extraData":[]},"publishpress_future_workflow_manual_trigger":{"enabledWorkflows":[]},"_links":{"self":[{"href":"https:\/\/www.gillbachbahn.de\/wordpress\/wp-json\/wp\/v2\/pages\/207","targetHints":{"allow":["GET"]}}],"collection":[{"href":"https:\/\/www.gillbachbahn.de\/wordpress\/wp-json\/wp\/v2\/pages"}],"about":[{"href":"https:\/\/www.gillbachbahn.de\/wordpress\/wp-json\/wp\/v2\/types\/page"}],"author":[{"embeddable":true,"href":"https:\/\/www.gillbachbahn.de\/wordpress\/wp-json\/wp\/v2\/users\/4"}],"replies":[{"embeddable":true,"href":"https:\/\/www.gillbachbahn.de\/wordpress\/wp-json\/wp\/v2\/comments?post=207"}],"version-history":[{"count":3,"href":"https:\/\/www.gillbachbahn.de\/wordpress\/wp-json\/wp\/v2\/pages\/207\/revisions"}],"predecessor-version":[{"id":324,"href":"https:\/\/www.gillbachbahn.de\/wordpress\/wp-json\/wp\/v2\/pages\/207\/revisions\/324"}],"wp:attachment":[{"href":"https:\/\/www.gillbachbahn.de\/wordpress\/wp-json\/wp\/v2\/media?parent=207"}],"curies":[{"name":"wp","href":"https:\/\/api.w.org\/{rel}","templated":true}]}}