{"id":202,"date":"2021-05-02T16:42:55","date_gmt":"2021-05-02T14:42:55","guid":{"rendered":"https:\/\/www.gillbachbahn.de\/wordpress\/?page_id=202"},"modified":"2026-03-21T13:43:03","modified_gmt":"2026-03-21T12:43:03","slug":"faq","status":"publish","type":"page","link":"https:\/\/www.gillbachbahn.de\/wordpress\/home\/faq\/","title":{"rendered":"FAQ"},"content":{"rendered":"\n<h4 class=\"wp-block-heading\"><strong>Nachfolgend finden Sie eine \u00dcbersicht der am h\u00e4ufigsten gestellten Fragen. Vielleicht ist die ben\u00f6tigte Information ja schon dabei? Falls nicht, kontaktieren Sie uns gerne \u2013 wir helfen Ihnen jederzeit gerne weiter!<\/strong><\/h4>\n\n\n\n<p><strong>Wann hat das Museum ge\u00f6ffnet? Befinden Sich Parkpl\u00e4tze vor Ort<\/strong>?<br>Unsere \u00d6ffnungszeiten finden Sie <a href=\"https:\/\/www.gillbachbahn.de\/wordpress\/home\/oeffnungszeiten\/\" data-type=\"page\" data-id=\"134\">hier<\/a>. Auf dem Museumsgel\u00e4nde befinden sich ca. 80 Parkpl\u00e4tze. Zu den Nikolausfahrten sind Ihnen Parkplatzeinweiser bei der Suche nach einem Parkplatz behilflich.<\/p>\n\n\n\n<p><strong>Wie lauten die \u00d6ffnungszeiten und wann verkehren die unterschiedlichen Bahnen?<\/strong><br>Das Museum \u00f6ffnet an Betriebstagen um 10:00 Uhr. Die Personenz\u00fcge fahren st\u00fcndlich zur Minute 30 ab unserem gel\u00e4ndeeigenen Bahnhof &#8222;Neurather Feld&#8220; ab. Der letzte Zug f\u00e4hrt um 16:30 Uhr. Bei gro\u00dfer Nachfrage wird ein zus\u00e4tzlicher Personenzug um 17:30 Uhr gefahren. Das Bistro bleibt dann bis 18:15 Uhr f\u00fcr Sie ge\u00f6ffnet. Wir behalten uns vor, den zus\u00e4tzlichen Personenzug um 17:30 Uhr bei geringer Nachfrage ausfallen zu lassen. Die Kindereisenbahn steht unseren kleinsten G\u00e4sten bis 16:30 Uhr zur Verf\u00fcgung.<\/p>\n\n\n\n<p>An den Betriebstagen hat unser <a href=\"https:\/\/www.gillbachbahn.de\/wordpress\/bistro600\/\" data-type=\"page\" data-id=\"238\">BISTRO 600<\/a> bis 17:00 Uhr f\u00fcr Sie ge\u00f6ffnet. Dort erhalten Sie warme Speisen, Kuchen sowie kalte und hei\u00dfe Getr\u00e4nke. <\/p>\n\n\n\n<p><strong>Wie lange dauert eine Fahrt mit der Museumsbahn? Wo erhalte ich die Tickets hierf\u00fcr?<\/strong><br>Die Fahrt mit der Museumsbahn dauert ca. 35 Minuten. Tickets erhalten Sie direkt im Zug beim Schaffner oder in unserem Bistro 600.<\/p>\n\n\n\n<p><strong>Lohnt sich ein Besuch des Museums auch mit Kindern?<\/strong><br>Nat\u00fcrlich! Kinder sind bei uns immer herzlich willkommen. Ganz gleich ob Sie mit Ihren Kindern eine Fahrt mit dem Feldbahnzug planen oder die Kleinen mit unserer 7 1\/4 Zoll Gartenbahn fahren m\u00f6chten \u2013 es lohnt sich. Versprochen!<br><strong><em>Bitte beachten Sie:<\/em> <\/strong>Feldbahnen sind keine Spielzeuge und die Fahrzeuge wiegen mehrere Tonnen. Bitte halten Sie daher Ihre Kinder stets im Auge. Das Klettern auf unseren Museumsfahrzeugen ist nicht gestattet.<\/p>\n\n\n\n<p><strong>Ich m\u00f6chte auch mal eine Lok fahren. Ist das m\u00f6glich?<\/strong><br>Das Fahren einer Lokomotive erfordert grunds\u00e4tzlich eine Ausbildung und die Genehmigung des Eisenbahnbetriebsleiters.<br>M\u00f6chten Sie jedoch einmal selbst &#8222;Hand anlegen&#8220;, empfehlen wir Ihnen unser Angebot &#8222;Ein Tag auf der Dampflok&#8220;. Weitere Informationen finden Sie <a href=\"https:\/\/www.gillbachbahn.de\/wordpress\/tag-auf-der-dampflok\/\" data-type=\"page\" data-id=\"207\" target=\"_blank\" rel=\"noreferrer noopener\">hier<\/a>.<\/p>\n\n\n\n<p><strong>Ich m\u00f6chte das Museum au\u00dferhalb der Betriebstage besuchen. Ist das m\u00f6glich?<\/strong><br>F\u00fcr Fachbesucher besteht Besuchsm\u00f6glichkeit an Samstagen zwischen 14 und 18 Uhr nach Voranmeldung. M\u00f6chten Sie au\u00dferhalb der Betriebstage mit einer Gruppe kommen, stellen Sie uns gerne Anfrage per E-Mail an info(at)gillbachbahn.de.<\/p>\n\n\n\n<p><strong>Im Dezember finden bei Ihnen traditionell die Nikolausfahrten statt. Wo finde ich weitere Informationen dazu?<\/strong><br>Detaillierte Informationen zu den Terminen und Fahrpl\u00e4nen unserer Nikolausfahrten finden Sie in der Regel ab September auf unserer Website: <a href=\"https:\/\/www.gillbachbahn.de\/wordpress\/home\/nikolausfahrten\/\" data-type=\"page\" data-id=\"47\">Nikolausfahrten<\/a><\/p>\n\n\n\n<p><strong>Kann man die vorgebuchten Fahrkarten f\u00fcr die Nikolausfahrten wieder stornieren? <\/strong><br>Leider ist eine Stornierung nicht m\u00f6glich. Eine Erstattung kommt nur dann in Frage, wenn das Feldbahnmuseum den Nichtantritt der Fahrt (z. B. Ausfall) zu vertreten hat.<br>Sollten Sie die Fahrt nicht antreten k\u00f6nnen, kommen wir Ihnen aber gern entgegen: Sie k\u00f6nnen in diesem Fall die Nikolaust\u00fcten f\u00fcr die gebuchten Kinderkarten bis zum Beginn der Fahrt im Museum abholen. Melden Sie sich bitte hierzu im Vorfeld telefonisch bei uns. Des Weiteren k\u00f6nnen Sie unbenutzte Fahrkarten in der folgenden Sommersaison nutzen, um mit unserem Dampfzug zu fahren. In diesem Fall kann auch ein Erwachsener mit einer Kinderfahrkarte fahren. Auch im <strong>Krankheitsfall eines Kindes<\/strong>, der zum R\u00fccktritt der ganzen Familie f\u00fchrt, gilt das oben beschriebene Procedere.<\/p>\n\n\n\n<p>Wenn wir den Grund Ihrer Absage kennen und noch ausreichend Pl\u00e4tze in anderen Z\u00fcgen frei sind, sind wir gerne bereit, Ihre Umbuchungsw\u00fcnsche zu unterst\u00fctzen. <strong>Rufen Sie uns hierzu bitte an: +49 2183 806 8378.<\/strong> Dies gilt auch, sollten Sie vom normalen Ablauf abweichen m\u00fcssen. Ein Rechtsanspruch auf Kulanz besteht nicht.<\/p>\n\n\n\n<p><strong>Ich m\u00f6chte das Museum gerne unterst\u00fctzen. Welche M\u00f6glichkeiten habe ich?<\/strong><br>Wir freuen uns \u00fcber Ihr Interesse! Sie k\u00f6nnen bei uns <a href=\"https:\/\/www.gillbachbahn.de\/wordpress\/helfen\/mitmachen\/\" data-type=\"URL\" data-id=\"https:\/\/www.gillbachbahn.de\/wordpress\/helfen\/mitmachen\/\" target=\"_blank\" rel=\"noreferrer noopener\">mitmachen<\/a> und uns an den Betriebstagen sowie beim Auf-\/Ausbau des Museum helfen, <a href=\"https:\/\/www.gillbachbahn.de\/wordpress\/helfen\/mitglied-werden\/\" data-type=\"URL\" data-id=\"https:\/\/www.gillbachbahn.de\/wordpress\/helfen\/mitglied-werden\/\" target=\"_blank\" rel=\"noreferrer noopener\">Mitglied werden<\/a> oder <a href=\"https:\/\/www.gillbachbahn.de\/wordpress\/helfen\/spenden\/\" data-type=\"URL\" data-id=\"https:\/\/www.gillbachbahn.de\/wordpress\/helfen\/spenden\/\" target=\"_blank\" rel=\"noreferrer noopener\">spenden<\/a>. F\u00fcr weitere Fragen nehmen Sie gerne Kontakt zu uns auf.<\/p>\n\n\n\n<p><strong>Ich m\u00f6chte im Museum gerne aktiv mithelfen. Wie ist das m\u00f6glich?<\/strong><br>Wir freuen uns \u00fcber jede helfende Hand. Ob Sie unter der Woche, an den Wochenenden oder an den Betriebstagen mithelfen wollen, steht Ihnen frei. Bei Interesse nehmen Sie Kontakt mit uns auf.<\/p>\n\n\n\n<p><strong>Ich m\u00f6chte das Museum aktiv unterst\u00fctzen, bin aber handwerklich ungeschickt.<\/strong><br>Wir finden f\u00fcr jeden Interessenten eine passende Aufgabe. Bei uns im Museum gibt es viele T\u00e4tigkeiten (zum Beispiel Schaffner, Verwaltungst\u00e4tigkeiten, Videoproduktion), die kein handwerkliches Geschick erfordern.<\/p>\n\n\n\n<p><strong>Welche Spurweite haben die Fahrzeuge im Museum?<\/strong><br>Die Spurweite unserer Museumsbahn betr\u00e4gt 600 mm. Die Gartenbahn hat eine Spurweite von 5&#8243; (127 mm) und 7 1\/4&#8243; (184 mm) und verf\u00fcgt teilweise \u00fcber ein Dreischienengleis. Gerne k\u00f6nnen Sie auch als Gastfahrer mit Ihren eigenen Fahrzeugen diese Strecke befahren. Melden Sie sich dazu bitte vorher bei uns an.<\/p>\n\n\n\n<p><strong>Mein Kind m\u00f6chte seinen Geburtstag im Museum feiern. Ist das m\u00f6glich?<\/strong><br>Das Museum bietet aus Personalgr\u00fcnden solche Veranstaltungen nicht mehr an. Sie k\u00f6nnen aber Ihren Geburtstag im Museum feiern \u2013 am Besten an einem der regul\u00e4ren Betriebstage. Wir freuen uns \u00fcber Ihre Anfrage mit Datum, Uhrzeit, Anzahl der Teilnehmer, Dauer und gew\u00fcnschter Anzahl der Fahrkarten. Sie erhalten von uns nach Pr\u00fcfung eine Best\u00e4tigung, ob wir die Feier zu Ihrem Wunschtermin realisieren k\u00f6nnen.<\/p>\n\n\n\n<p><strong>Darf ich meinen Hund mit ins Museum nehmen?<\/strong><br>Hunde d\u00fcrfen angeleint mit auf das Au\u00dfengel\u00e4nde genommen werden. Gro\u00dfe Hunde k\u00f6nnen mit auf dem offenen Personenwagen fahren. Kleinere Hunde d\u00fcrfen auch in den geschlossenen Wagen mitfahren. Hunde m\u00fcssen im <a href=\"https:\/\/www.gillbachbahn.de\/wordpress\/bistro600\/\" data-type=\"page\" data-id=\"238\">BISTRO 600<\/a> und den Ausstellungshallen und Geb\u00e4uden leider drau\u00dfen bleiben. <strong>Hinterlassenschaften der Hunde m\u00fcssen beseitigt werden!<\/strong><\/p>\n\n\n\n<p><strong>Ist das Rauchen im Museum gestattet<\/strong>?<br>Im <a href=\"https:\/\/www.gillbachbahn.de\/wordpress\/bistro600\/\" data-type=\"page\" data-id=\"238\">BISTRO 600<\/a>, in den Ausstellungshallen, in der Z\u00fcgen und in der N\u00e4he der Gasanlage besteht striktes Rauchverbot. Das gilt auch f\u00fcr E-Zigaretten. Wir haben vier Aschenbecher aufgestellt, und so &#8222;Raucherzonen&#8220; eingerichtet:<\/p>\n\n\n\n<ul class=\"wp-block-list\">\n<li>an den Toiletten<\/li>\n\n\n\n<li>am Lehrstellwerk<\/li>\n\n\n\n<li>am Lokschuppen und<\/li>\n\n\n\n<li>am Bahnhofsgeb\u00e4ude Oekoven K<\/li>\n<\/ul>\n\n\n\n<p><strong>Ich m\u00f6chte mit \u00f6ffentlichen Verkehrsmittel (\u00d6PNV) anreisen. Wie komme ich am Besten zum Museum? Gibt es einen Abholservice?<\/strong><br>Es gibt einen Abholservice durch den B\u00fcrgerbus Rommerskirchen, auch &#8222;Kraftraum Shuttle&#8220; genannt. Dieser f\u00e4hrt ab Bahnhof Rommerskirchen. F\u00fcr G\u00e4ste, die mit dem Zug aus dem S\u00fcden (K\u00f6ln) anreisen, besteht die M\u00f6glichkeit der Abholung in Rommerskirchen an der RB 27 (an Minute 47) oder RE8 (an Minute 20). (Koblenz-K\u00f6ln-M\u00f6nchengladbach) Aus Richtung Norden (M\u00f6nchengladbach\/Grevenbroich) benutzen Sie bitte die RB 27 (an Minute 11) oder den RE 8 (an Minute 37).<\/p>\n\n\n\n<p><strong>Anmeldung der gew\u00fcnschten Abholung: <strong>02183 233 58 70<\/strong> erreichbar t\u00e4glich von 07:00 bis 19:00; Die Fahrzeitangaben der DB-Z\u00fcge entsprechen denen des Sommerfahrplans 2024.<\/strong><\/p>\n\n\n\n<p>Das Kraftraum Shuttle verkehrt nur innerhalb des Rommerskirchener Gemeindegebiets, der Bf. Grevenbroich wird also nicht erreicht.<\/p>\n\n\n\n<p>Es gilt ein VRR\/VRS Tarif.<\/p>\n\n\n\n<ul class=\"wp-block-list\">\n<li>Buchen: <a href=\"https:\/\/kraftraum-shuttle.fahrt-buchen.de\/\">https:\/\/kraftraum-shuttle.fahrt-buchen.de\/<\/a>  <\/li>\n\n\n\n<li>Flyer: <a href=\"https:\/\/kraftraum-shuttle.de\/fileadmin\/250616_KRS_Handout_A5_Rommerskirchen.pdf\">KRS_Handout_A5_Rommerskirchen.pdf<\/a><\/li>\n\n\n\n<li>Nutzungbedinguungen: <a href=\"https:\/\/kraftraum-shuttle.de\/Nutzungsbedingungen_Kraftraum-Shuttle.pdf\">Nutzungsbedingungen_Kraftraum-Shuttle.pdf<\/a><\/li>\n\n\n\n<li>Gemeinde RoKi: <a href=\"https:\/\/www.rommerskirchen.de\/on-demand-verkehr-kraftraum-shuttle-startet-in-rommerskirchen-flexibler-umweltfreundlicher-oepnv-fuer-alle\/?highlight=kraftraum%20shuttle\">On-Demand-Verkehr Kraftraum-Shuttle startet in Rommerskirchen \u2013 flexibler, umweltfreundlicher \u00d6PNV f\u00fcr alle &#8211; Gemeinde Rommerskirchen<\/a><\/li>\n\n\n\n<li>Tarifinfo: <a href=\"https:\/\/kraftraum-shuttle.de\/fileadmin\/files\/rommerskirchen\/Tarifinformationen_Kraftraum-RoKI.pdf\">Tarifinformationen_Kraftraum-RoKI.pdf<\/a><\/li>\n<\/ul>\n\n\n\n<p>Das Museum ist auch per Bus erreichbar, dies erfordert aber ab Haltestelle &#8222;Rommerskirchen Dorfanger&#8220; einen l\u00e4ngeren Fu\u00dfweg (ca. 1,5 km; 20 Minuten) oder eine Weiterfahrt mit Linie 892 (w+so) ab Grevenbroich in Richtung Neurath Kirche (GV). <\/p>\n","protected":false},"excerpt":{"rendered":"<p>Nachfolgend finden Sie eine \u00dcbersicht der am h\u00e4ufigsten gestellten Fragen. Vielleicht ist die ben\u00f6tigte Information ja schon dabei? Falls nicht, kontaktieren Sie uns gerne \u2013 wir helfen Ihnen jederzeit gerne weiter! Wann hat das Museum ge\u00f6ffnet? Befinden Sich Parkpl\u00e4tze vor Ort?Unsere \u00d6ffnungszeiten finden Sie hier. Auf dem Museumsgel\u00e4nde befinden sich ca. 80 Parkpl\u00e4tze. Zu den Nikolausfahrten sind Ihnen Parkplatzeinweiser bei der Suche nach einem Parkplatz behilflich. Wie lauten die \u00d6ffnungszeiten und wann verkehren die unterschiedlichen Bahnen?Das Museum \u00f6ffnet an Betriebstagen um 10:00 Uhr. Die Personenz\u00fcge fahren st\u00fcndlich zur Minute 30 ab unserem gel\u00e4ndeeigenen Bahnhof &#8222;Neurather Feld&#8220; ab. Der letzte Zug&#8230; <\/p>\n","protected":false},"author":4,"featured_media":0,"parent":80,"menu_order":0,"comment_status":"closed","ping_status":"closed","template":"template-parts\/template-full-width.php","meta":{"footnotes":""},"class_list":["post-202","page","type-page","status-publish","hentry"],"publishpress_future_action":{"enabled":false,"date":"2026-04-20 17:25:27","action":"change-status","newStatus":"draft","terms":[],"taxonomy":"","extraData":[]},"publishpress_future_workflow_manual_trigger":{"enabledWorkflows":[]},"_links":{"self":[{"href":"https:\/\/www.gillbachbahn.de\/wordpress\/wp-json\/wp\/v2\/pages\/202","targetHints":{"allow":["GET"]}}],"collection":[{"href":"https:\/\/www.gillbachbahn.de\/wordpress\/wp-json\/wp\/v2\/pages"}],"about":[{"href":"https:\/\/www.gillbachbahn.de\/wordpress\/wp-json\/wp\/v2\/types\/page"}],"author":[{"embeddable":true,"href":"https:\/\/www.gillbachbahn.de\/wordpress\/wp-json\/wp\/v2\/users\/4"}],"replies":[{"embeddable":true,"href":"https:\/\/www.gillbachbahn.de\/wordpress\/wp-json\/wp\/v2\/comments?post=202"}],"version-history":[{"count":31,"href":"https:\/\/www.gillbachbahn.de\/wordpress\/wp-json\/wp\/v2\/pages\/202\/revisions"}],"predecessor-version":[{"id":1065,"href":"https:\/\/www.gillbachbahn.de\/wordpress\/wp-json\/wp\/v2\/pages\/202\/revisions\/1065"}],"up":[{"embeddable":true,"href":"https:\/\/www.gillbachbahn.de\/wordpress\/wp-json\/wp\/v2\/pages\/80"}],"wp:attachment":[{"href":"https:\/\/www.gillbachbahn.de\/wordpress\/wp-json\/wp\/v2\/media?parent=202"}],"curies":[{"name":"wp","href":"https:\/\/api.w.org\/{rel}","templated":true}]}}