{"id":134,"date":"2021-04-18T16:32:16","date_gmt":"2021-04-18T14:32:16","guid":{"rendered":"http:\/\/www.gillbachbahn.de\/wordpress\/?page_id=134"},"modified":"2026-03-21T14:00:54","modified_gmt":"2026-03-21T13:00:54","slug":"oeffnungszeiten","status":"publish","type":"page","link":"https:\/\/www.gillbachbahn.de\/wordpress\/home\/oeffnungszeiten\/","title":{"rendered":"\u00d6ffnungszeiten &#038; Preise"},"content":{"rendered":"\n<h2 class=\"wp-block-heading\">Betriebstage 2026<\/h2>\n\n\n\n<p>03. Mai<br>07. Juni<br>05. Juli<br>02. August<br>06. September<br>04. Oktober<br><br>Das Museum ist an diesen Tagen von 10:00 bis 18:00 Uhr ge\u00f6ffnet. Der letzte Dampfzug f\u00e4hrt um 16:30 Uhr. (Ausnahme 20.09.2026!)<br><br><strong>20. September<\/strong> Tag der Schiene &#8211; Ge\u00f6ffnet bis 17:00 Uhr, letzter Dampfzug um 15:30 Uhr<\/p>\n\n\n\n<h2 class=\"wp-block-heading\">\u00d6ffnungszeiten\/Fahrbetrieb<\/h2>\n\n\n\n<p>Das Museum ist von Mai bis Oktober jeweils am ersten Sonntag eines jeden Monats von 10:00 bis 18:00 Uhr ge\u00f6ffnet.<\/p>\n\n\n\n<p>Wenn Sie uns au\u00dferhalb dieser Zeit besuchen m\u00f6chten, vereinbaren Sie bitte einen Termin.<\/p>\n\n\n\n<p>Personenz\u00fcge fahren st\u00fcndlich (Abfahrt immer zur halben Stunde). Bei hohem Besucherandrang wird der Takt auf halbst\u00fcndlich verdichtet. Hier kommen dann zus\u00e4tzlich Dieselloks (13, 29, Leihlok 58 oder weitere) zum Einsatz.<\/p>\n\n\n\n<p>Letzte Fahrt mit dem Personenzug: 16:30 Uhr.<br>Letzte Fahrt mit der Kindereisenbahn: 16:30 Uhr.<br>Bistro warme K\u00fcche: bis 17:00 Uhr.<\/p>\n\n\n\n<p>Im November und von Januar bis April ist das Museum geschlossen (Winterpause.)<\/p>\n\n\n\n<p>Im Dezember wird die Winterpause des <a href=\"https:\/\/www.gillbachbahn.de\/wordpress\/bistro600\/\" data-type=\"page\" data-id=\"238\">Bistro 600<\/a> f\u00fcr die Nikolausfahrten unterbrochen.<\/p>\n\n\n\n<h2 class=\"wp-block-heading\">Abholservice<\/h2>\n\n\n\n<p>Dieser wurde vom Museum im Jahre 2025 letztmalig angeboten. Bitte benutzen Sie den B\u00fcrgerbus* vom Bf. Rommerskirchen zum Museum. (Voranmeldung erforderlich! *in Rommerskirchen &#8222;Kraftraum-Shuttle&#8220; genannt&#8230;)<\/p>\n\n\n\n<p>Weitere Informationen finden Sie unter dem letzten Punkt unserer <a href=\"https:\/\/www.gillbachbahn.de\/wordpress\/home\/faq\/\" data-type=\"page\" data-id=\"202\">FAQ<\/a>.<\/p>\n\n\n\n<h2 class=\"wp-block-heading\">Preise Sommersaison<\/h2>\n\n\n\n<p>Der Eintritt in das Museum ist kostenlos.<\/p>\n\n\n\n<p><strong>Fahrt mit dem Dampfzug<br><\/strong>Erwachsener: 5,00 \u20ac<br>Kind (4-12 Jahre): 3,00 \u20ac<br>Familienkarte (2 Erwachsene + 2 Kinder bis 12 Jahre): 12,00 \u20ac <br><br><strong>Fahrt mit der Kindereisenbahn<\/strong><br>Pro Fahrt (3 Runden): 2,00 \u20ac<\/p>\n\n\n\n<h2 class=\"wp-block-heading\">Kinder<\/h2>\n\n\n\n<p>Bitte beachten Sie:<\/p>\n\n\n\n<ul class=\"wp-block-list\">\n<li>Sommerbetriebstage 4-12 Jahre = Kind<\/li>\n\n\n\n<li>Nikolausfahrten 2-12 Jahre = Kind. Soll ein Kind im Alter von 1-2 Jahren an der Fahrt teilnehmen, und auch eine Nikolaust\u00fcte bekommen, ben\u00f6tigt es eine Fahrkarte. Bitte vermerken Sie dies in der Bestellung, damit die Schaffner und der Nikolaus informiert werden k\u00f6nnen.<\/li>\n\n\n\n<li>Kindereisenbahn: Keine Altersgrenzen. Wir fahren f\u00fcr jeden, der sich traut!<\/li>\n<\/ul>\n\n\n\n<p><\/p>\n\n\n\n<h2 class=\"wp-block-heading\">Kindereisenbahn<\/h2>\n\n\n\n<p>Neben unserem Dampfzug ist die auf dem Museumsgel\u00e4nde aufgebaute Gartenbahn ein beliebtes Ausflugsziel f\u00fcr Eltern mit Kindern. Die Spurweiten der Gartenbahn betragen 5 Zoll (127mm) und 7 \u00bc Zoll (184 mm\/ Dreischienengleis). Der Abfahrtsbahnhof der Gartenbahn befindet sich direkt vor dem Biergarten unseres <a href=\"https:\/\/www.gillbachbahn.de\/wordpress\/bistro600\/\" data-type=\"page\" data-id=\"238\">Bistro 600<\/a>. Die Streckenl\u00e4nge betr\u00e4gt rund 70 Meter.<br><br>Neben batteriebetriebenen Loks kommt an manchen Betriebstagen auch eine Dampflok zum Einsatz. Eisenbahninteressierte mit eigenen Fahrzeugen sind auf der Strecke der Gartenbahn willkommen. Bitte melden Sie sich dazu an, wenn Sie an den Betriebstagen mit eigenen Fahrzeugen fahren wollen.<\/p>\n\n\n\n<h2 class=\"wp-block-heading\">Fahrplan Dampfzug<\/h2>\n\n\n\n<figure class=\"wp-block-table\"><table><tbody><tr><td><strong>Fahrtnummer<\/strong><\/td><td><strong>NP1<\/strong><\/td><td><strong>NP3<\/strong><\/td><td><strong>NP5<\/strong><\/td><td><strong>NP7<\/strong><\/td><td><strong>NP9<\/strong><\/td><td><strong>11<\/strong><\/td><td><strong>13<\/strong><\/td><\/tr><tr><td>Neuratherfeld ab<\/td><td>10:30<\/td><td>11:30<\/td><td>12:30<\/td><td>13:30<\/td><td>14:30<\/td><td>15:30<\/td><td>16:30<\/td><\/tr><tr><td>Oekoven Gl. 112 an<\/td><td>10:32<\/td><td>11:32<\/td><td>12:32<\/td><td>13:32<\/td><td>14:32<\/td><td>15:32<\/td><td>16:32<\/td><\/tr><tr><td>Oekoven Gl. 112 ab<\/td><td>10:37<\/td><td>11:37<\/td><td>12:37<\/td><td>13:37<\/td><td>14:37<\/td><td>15:37<\/td><td>16:37<\/td><\/tr><tr><td>Werkstatt ab<\/td><td>10:38<\/td><td>11:38<\/td><td>12:38<\/td><td>13:38<\/td><td>14:38<\/td><td>15:38<\/td><td>16:38<\/td><\/tr><tr><td>An der Lohe an<\/td><td>10:44<\/td><td>11:44<\/td><td>12:44<\/td><td>13:44<\/td><td>14:44<\/td><td>15:44<\/td><td>16:44<\/td><\/tr><\/tbody><\/table><figcaption class=\"wp-element-caption\">Sonderz\u00fcge und weitere \u00d6ffnungstage nach Vereinbarung.<\/figcaption><\/figure>\n\n\n\n<p><\/p>\n\n\n\n<figure class=\"wp-block-table\"><table><tbody><tr><td><strong>Fahrtnummer<\/strong><\/td><td><strong>2<\/strong><\/td><td><strong>4<\/strong><\/td><td><strong>6<\/strong><\/td><td><strong>8<\/strong><\/td><td><strong>10<\/strong><\/td><td><strong>12<\/strong><\/td><td><strong>14<\/strong><\/td><\/tr><tr><td>An der Lohe ab<\/td><td>10:50<\/td><td>11:50<\/td><td>12:50<\/td><td>13:50<\/td><td>14:50<\/td><td>15:50<\/td><td>16:50<\/td><\/tr><tr><td>Werkstatt ab (Zug 14: an)<\/td><td>10:56<\/td><td>11:56<\/td><td>12:56<\/td><td>13:56<\/td><td>14:56<\/td><td>15:56<\/td><td>16:55<\/td><\/tr><tr><td>Oekoven Gl. 112 an<\/td><td>10:57<\/td><td>11:57<\/td><td>12:57<\/td><td>13:57<\/td><td>14:57<\/td><td>15:57<\/td><td>&#8212;<\/td><\/tr><tr><td>Oekoven Gl. 112 ab<\/td><td>11:02<\/td><td>12:02<\/td><td>13:02<\/td><td>14:02<\/td><td>15:02<\/td><td>16:02<\/td><td>&#8212;<\/td><\/tr><tr><td>Neuratherfeld an<\/td><td>11:04<\/td><td>12:04<\/td><td>13:04<\/td><td>14:04<\/td><td>15:04<\/td><td>16:04<\/td><td>&#8212;<\/td><\/tr><\/tbody><\/table><figcaption class=\"wp-element-caption\">Sonderz\u00fcge und weitere \u00d6ffnungstage nach Vereinbarung.<\/figcaption><\/figure>\n\n\n\n<p class=\"has-small-font-size\"><br><strong>Bitte beachten Sie:<\/strong> Z\u00fcge k\u00f6nnen aus technischen Gr\u00fcnden oder auf Grund von Witterungsbedingungen jederzeit ohne Vorank\u00fcndigung ausfallen. Es kann jederzeit anstelle der Dampflok eine Diesellok zum Einsatz kommen. Anspruch auf Bef\u00f6rderung besteht nicht. Es gelten die AGB des Feldbahnmuseums Oekoven, die am Fahrkartenschalter ausliegen. Irrtum und \u00c4nderung vorbehalten.<\/p>\n\n\n\n<h2 class=\"wp-block-heading\">Nikolausfahrten<\/h2>\n\n\n\n<p>Neben der Sommersaison finden jedes Jahr im Dezember (in 2025: 6.\/7. und 13.\/14.12.) unsere Nikolausfahrten statt. Weitere Informationen finden Sie unter <a href=\"https:\/\/www.gillbachbahn.de\/wordpress\/home\/nikolausfahrten-2\/\" data-type=\"page\" data-id=\"453\">Nikolausfahren<\/a>.<\/p>\n\n\n\n<h2 class=\"wp-block-heading\" style=\"font-size:28px\">Infoheft 2025<\/h2>\n\n\n\n<p>Sie wollen mehr \u00fcber das Museum erfahren? Alle Informationen finden Sie in unserem Infoheft.<\/p>\n\n\n\n<div class=\"wp-block-buttons is-layout-flex wp-block-buttons-is-layout-flex\">\n<div class=\"wp-block-button\"><a class=\"wp-block-button__link wp-element-button\" href=\"https:\/\/www.gillbachbahn.de\/wordpress\/wp-content\/uploads\/2025\/03\/FWM-Infoheft_2025-AKT_V4um.pdf\">Download Infoheft 2025<\/a><\/div>\n<\/div>\n\n\n\n<p><\/p>\n","protected":false},"excerpt":{"rendered":"<p>Betriebstage 2026 03. Mai07. Juni05. Juli02. August06. September04. Oktober Das Museum ist an diesen Tagen von 10:00 bis 18:00 Uhr ge\u00f6ffnet. Der letzte Dampfzug f\u00e4hrt um 16:30 Uhr. (Ausnahme 20.09.2026!) 20. September Tag der Schiene &#8211; Ge\u00f6ffnet bis 17:00 Uhr, letzter Dampfzug um 15:30 Uhr \u00d6ffnungszeiten\/Fahrbetrieb Das Museum ist von Mai bis Oktober jeweils am ersten Sonntag eines jeden Monats von 10:00 bis 18:00 Uhr ge\u00f6ffnet. Wenn Sie uns au\u00dferhalb dieser Zeit besuchen m\u00f6chten, vereinbaren Sie bitte einen Termin. Personenz\u00fcge fahren st\u00fcndlich (Abfahrt immer zur halben Stunde). Bei hohem Besucherandrang wird der Takt auf halbst\u00fcndlich verdichtet. Hier kommen dann zus\u00e4tzlich&#8230; <\/p>\n","protected":false},"author":1,"featured_media":0,"parent":80,"menu_order":0,"comment_status":"closed","ping_status":"closed","template":"template-parts\/template-full-width.php","meta":{"footnotes":""},"class_list":["post-134","page","type-page","status-publish","hentry"],"publishpress_future_action":{"enabled":false,"date":"2026-04-20 17:44:50","action":"change-status","newStatus":"draft","terms":[],"taxonomy":"","extraData":[]},"publishpress_future_workflow_manual_trigger":{"enabledWorkflows":[]},"_links":{"self":[{"href":"https:\/\/www.gillbachbahn.de\/wordpress\/wp-json\/wp\/v2\/pages\/134","targetHints":{"allow":["GET"]}}],"collection":[{"href":"https:\/\/www.gillbachbahn.de\/wordpress\/wp-json\/wp\/v2\/pages"}],"about":[{"href":"https:\/\/www.gillbachbahn.de\/wordpress\/wp-json\/wp\/v2\/types\/page"}],"author":[{"embeddable":true,"href":"https:\/\/www.gillbachbahn.de\/wordpress\/wp-json\/wp\/v2\/users\/1"}],"replies":[{"embeddable":true,"href":"https:\/\/www.gillbachbahn.de\/wordpress\/wp-json\/wp\/v2\/comments?post=134"}],"version-history":[{"count":137,"href":"https:\/\/www.gillbachbahn.de\/wordpress\/wp-json\/wp\/v2\/pages\/134\/revisions"}],"predecessor-version":[{"id":1072,"href":"https:\/\/www.gillbachbahn.de\/wordpress\/wp-json\/wp\/v2\/pages\/134\/revisions\/1072"}],"up":[{"embeddable":true,"href":"https:\/\/www.gillbachbahn.de\/wordpress\/wp-json\/wp\/v2\/pages\/80"}],"wp:attachment":[{"href":"https:\/\/www.gillbachbahn.de\/wordpress\/wp-json\/wp\/v2\/media?parent=134"}],"curies":[{"name":"wp","href":"https:\/\/api.w.org\/{rel}","templated":true}]}}