{"id":132,"date":"2021-04-18T16:27:04","date_gmt":"2021-04-18T14:27:04","guid":{"rendered":"http:\/\/www.gillbachbahn.de\/wordpress\/?page_id=132"},"modified":"2023-12-31T11:19:07","modified_gmt":"2023-12-31T10:19:07","slug":"mitglied-werden","status":"publish","type":"page","link":"https:\/\/www.gillbachbahn.de\/wordpress\/helfen\/mitglied-werden\/","title":{"rendered":"Mitglied werden"},"content":{"rendered":"\n<p>Als Mitglied k\u00f6nnen Sie sich mit den Aktivit\u00e4ten und Zielen des Vereins solidarisch zeigen. Eine Verpflichtung zur Mitarbeit besteht nicht. Im Museum arbeitende Personen sind \u00fcber die Berufsgenossenschaft des Vereins automatisch unfallversichert.<\/p>\n\n\n\n<div class=\"wp-block-file\"><a id=\"wp-block-file--media-63df4f8c-edb5-4547-9271-f2db59c57bb4\" href=\"https:\/\/www.gillbachbahn.de\/wordpress\/wp-content\/uploads\/2023\/12\/FWM_ANTRAG_MITGLIED_2024.pdf\">Antrag auf Mitgliedschaft 2024<\/a><a href=\"https:\/\/www.gillbachbahn.de\/wordpress\/wp-content\/uploads\/2023\/12\/FWM_ANTRAG_MITGLIED_2024.pdf\" class=\"wp-block-file__button wp-element-button\" download aria-describedby=\"wp-block-file--media-63df4f8c-edb5-4547-9271-f2db59c57bb4\">Herunterladen<\/a><\/div>\n\n\n\n<div class=\"wp-block-file\"><a id=\"wp-block-file--media-39caba7f-2d82-44c1-a420-da2abf737feb\" href=\"https:\/\/www.gillbachbahn.de\/wordpress\/wp-content\/uploads\/2023\/12\/FWM_BEITRAG_2024.pdf\">Beitragsordnung 2024<\/a><a href=\"https:\/\/www.gillbachbahn.de\/wordpress\/wp-content\/uploads\/2023\/12\/FWM_BEITRAG_2024.pdf\" class=\"wp-block-file__button wp-element-button\" download aria-describedby=\"wp-block-file--media-39caba7f-2d82-44c1-a420-da2abf737feb\">Herunterladen<\/a><\/div>\n\n\n\n<p>Senden Sie uns das ausgef\u00fcllte Formular per Post oder E-Mail zu. Alternativ k\u00f6nnen Sie es auch gerne bei Ihrem n\u00e4chsten Besuch im Museum abgeben. Die Mitgliedschaft kann zun\u00e4chst nur als F\u00f6rdermitgliedschaft erworben werden. Nach einem Jahr ist ein &#8222;Upgrade&#8220; zum &#8222;Vollmitglied&#8220; m\u00f6glich.<\/p>\n","protected":false},"excerpt":{"rendered":"<p>Als Mitglied k\u00f6nnen Sie sich mit den Aktivit\u00e4ten und Zielen des Vereins solidarisch zeigen. Eine Verpflichtung zur Mitarbeit besteht nicht. Im Museum arbeitende Personen sind \u00fcber die Berufsgenossenschaft des Vereins automatisch unfallversichert. Senden Sie uns das ausgef\u00fcllte Formular per Post oder E-Mail zu. Alternativ k\u00f6nnen Sie es auch gerne bei Ihrem n\u00e4chsten Besuch im Museum abgeben. Die Mitgliedschaft kann zun\u00e4chst nur als F\u00f6rdermitgliedschaft erworben werden. Nach einem Jahr ist ein &#8222;Upgrade&#8220; zum &#8222;Vollmitglied&#8220; m\u00f6glich.<\/p>\n","protected":false},"author":1,"featured_media":0,"parent":88,"menu_order":0,"comment_status":"closed","ping_status":"closed","template":"template-parts\/template-full-width.php","meta":{"footnotes":""},"class_list":["post-132","page","type-page","status-publish","hentry"],"publishpress_future_action":{"enabled":false,"date":"2026-04-20 17:40:15","action":"change-status","newStatus":"draft","terms":[],"taxonomy":"","extraData":[]},"publishpress_future_workflow_manual_trigger":{"enabledWorkflows":[]},"_links":{"self":[{"href":"https:\/\/www.gillbachbahn.de\/wordpress\/wp-json\/wp\/v2\/pages\/132","targetHints":{"allow":["GET"]}}],"collection":[{"href":"https:\/\/www.gillbachbahn.de\/wordpress\/wp-json\/wp\/v2\/pages"}],"about":[{"href":"https:\/\/www.gillbachbahn.de\/wordpress\/wp-json\/wp\/v2\/types\/page"}],"author":[{"embeddable":true,"href":"https:\/\/www.gillbachbahn.de\/wordpress\/wp-json\/wp\/v2\/users\/1"}],"replies":[{"embeddable":true,"href":"https:\/\/www.gillbachbahn.de\/wordpress\/wp-json\/wp\/v2\/comments?post=132"}],"version-history":[{"count":16,"href":"https:\/\/www.gillbachbahn.de\/wordpress\/wp-json\/wp\/v2\/pages\/132\/revisions"}],"predecessor-version":[{"id":798,"href":"https:\/\/www.gillbachbahn.de\/wordpress\/wp-json\/wp\/v2\/pages\/132\/revisions\/798"}],"up":[{"embeddable":true,"href":"https:\/\/www.gillbachbahn.de\/wordpress\/wp-json\/wp\/v2\/pages\/88"}],"wp:attachment":[{"href":"https:\/\/www.gillbachbahn.de\/wordpress\/wp-json\/wp\/v2\/media?parent=132"}],"curies":[{"name":"wp","href":"https:\/\/api.w.org\/{rel}","templated":true}]}}