{"id":128,"date":"2021-04-18T16:25:09","date_gmt":"2021-04-18T14:25:09","guid":{"rendered":"http:\/\/www.gillbachbahn.de\/wordpress\/?page_id=128"},"modified":"2021-05-30T14:52:02","modified_gmt":"2021-05-30T12:52:02","slug":"spenden","status":"publish","type":"page","link":"https:\/\/www.gillbachbahn.de\/wordpress\/helfen\/spenden\/","title":{"rendered":"Spenden"},"content":{"rendered":"\n<h2 class=\"wp-block-heading\">Sachspenden<\/h2>\n\n\n\n<p>Wir freuen uns \u00fcber jede Spende. Gerne sagen wir Ihnen vorab in einem pers\u00f6nlichen Gespr\u00e4ch, womit Sie uns unterst\u00fctzen k\u00f6nnen. Vielleicht haben Sie auch schon eine konkrete Idee? Dann freuen wir uns \u00fcber Ihre Nachricht oder Ihren Anruf!<\/p>\n\n\n\n<h2 class=\"wp-block-heading\">Geldspenden<\/h2>\n\n\n\n<p>Geldspenden k\u00f6nnen get\u00e4tigt werden:<\/p>\n\n\n\n<ul class=\"wp-block-list\"><li>bar an einem Betriebstag<\/li><li>durch \u00dcberweisung auf das Konto des Felbahnmuseums: Feldbahnmuseum Oekoven, IBAN DE 93 3055 0000 0080 0002 84 BIC: WELADEDN. Bitte Verwendungszweck\/Name angeben.<\/li><li>durch Nutzung des &#8222;Bildungsspenders&#8220; (online): <a rel=\"noreferrer noopener\" href=\"https:\/\/www.bildungsspender.de\/donation.php?org_id=441569001\" target=\"_blank\">Bildungsspender<\/a><br>Dort stehen Sofort\u00fcberweisung, Kreditkarte, PayPal oder SEPA-Lastschrift als Zahlungsm\u00f6glichkeiten zur Verf\u00fcgung.<\/li><li>direkt per <a rel=\"noreferrer noopener\" href=\"http:\/\/www.paypal.me\/fwmhfs\" target=\"_blank\">PayPal<\/a><\/li><\/ul>\n\n\n\n<p>Das Feldbahnmuseum ist vom Finanzamt als gemeinn\u00fctzig anerkannt. Eine Spendenbescheinigung erhalten Sie automatisch zugesandt, wenn Sie uns Ihre Adresse nennen!<\/p>\n","protected":false},"excerpt":{"rendered":"<p>Sachspenden Wir freuen uns \u00fcber jede Spende. Gerne sagen wir Ihnen vorab in einem pers\u00f6nlichen Gespr\u00e4ch, womit Sie uns unterst\u00fctzen k\u00f6nnen. Vielleicht haben Sie auch schon eine konkrete Idee? Dann freuen wir uns \u00fcber Ihre Nachricht oder Ihren Anruf! Geldspenden Geldspenden k\u00f6nnen get\u00e4tigt werden: bar an einem Betriebstag durch \u00dcberweisung auf das Konto des Felbahnmuseums: Feldbahnmuseum Oekoven, IBAN DE 93 3055 0000 0080 0002 84 BIC: WELADEDN. Bitte Verwendungszweck\/Name angeben. durch Nutzung des &#8222;Bildungsspenders&#8220; (online): BildungsspenderDort stehen Sofort\u00fcberweisung, Kreditkarte, PayPal oder SEPA-Lastschrift als Zahlungsm\u00f6glichkeiten zur Verf\u00fcgung. direkt per PayPal Das Feldbahnmuseum ist vom Finanzamt als gemeinn\u00fctzig anerkannt. Eine Spendenbescheinigung erhalten&#8230; <\/p>\n","protected":false},"author":4,"featured_media":0,"parent":88,"menu_order":0,"comment_status":"closed","ping_status":"closed","template":"template-parts\/template-full-width.php","meta":{"footnotes":""},"class_list":["post-128","page","type-page","status-publish","hentry"],"publishpress_future_action":{"enabled":false,"date":"2026-04-20 18:31:00","action":"change-status","newStatus":"draft","terms":[],"taxonomy":"","extraData":[]},"publishpress_future_workflow_manual_trigger":{"enabledWorkflows":[]},"_links":{"self":[{"href":"https:\/\/www.gillbachbahn.de\/wordpress\/wp-json\/wp\/v2\/pages\/128","targetHints":{"allow":["GET"]}}],"collection":[{"href":"https:\/\/www.gillbachbahn.de\/wordpress\/wp-json\/wp\/v2\/pages"}],"about":[{"href":"https:\/\/www.gillbachbahn.de\/wordpress\/wp-json\/wp\/v2\/types\/page"}],"author":[{"embeddable":true,"href":"https:\/\/www.gillbachbahn.de\/wordpress\/wp-json\/wp\/v2\/users\/4"}],"replies":[{"embeddable":true,"href":"https:\/\/www.gillbachbahn.de\/wordpress\/wp-json\/wp\/v2\/comments?post=128"}],"version-history":[{"count":3,"href":"https:\/\/www.gillbachbahn.de\/wordpress\/wp-json\/wp\/v2\/pages\/128\/revisions"}],"predecessor-version":[{"id":251,"href":"https:\/\/www.gillbachbahn.de\/wordpress\/wp-json\/wp\/v2\/pages\/128\/revisions\/251"}],"up":[{"embeddable":true,"href":"https:\/\/www.gillbachbahn.de\/wordpress\/wp-json\/wp\/v2\/pages\/88"}],"wp:attachment":[{"href":"https:\/\/www.gillbachbahn.de\/wordpress\/wp-json\/wp\/v2\/media?parent=128"}],"curies":[{"name":"wp","href":"https:\/\/api.w.org\/{rel}","templated":true}]}}