{"id":118,"date":"2021-01-31T17:03:24","date_gmt":"2021-01-31T16:03:24","guid":{"rendered":"http:\/\/www.gillbachbahn.de\/wordpress\/?page_id=118"},"modified":"2022-02-18T19:33:44","modified_gmt":"2022-02-18T18:33:44","slug":"wir-ueber-uns","status":"publish","type":"page","link":"https:\/\/www.gillbachbahn.de\/wordpress\/das-museum\/wir-ueber-uns\/","title":{"rendered":"Wir \u00fcber uns"},"content":{"rendered":"\n<p>Das Feldbahnmuseum Rommerskirchen-Oekoven wurde 1976 in privater Initiative gegr\u00fcndet. Zu dieser Zeit traf man in den Betrieben viele abgestellte Feldbahnfahrzeuge an, die im Produktionsprozess nicht mehr gebraucht wurden. Daneben waren einige Fahrzeuge &#8211; besonders kleinere Dampflokomotiven &#8211; als Spielger\u00e4te auf Spielpl\u00e4tze gestellt worden.<\/p>\n\n\n\n<p>Oft handelte es sich um historisch wertvolle Fahrzeuge. Die etablierten Technik-Museen nahmen den Niedergang der Feldbahn damals nicht wahr. Die Bewahrung dieser Sachzeugen der Technikgeschichte war eine der Intentionen, die uns 1976 das Museum gr\u00fcnden lie\u00df. Dar\u00fcber hinaus haben Feldbahnen durchaus einen gewissen Spiel- und Freizeitwert. Auch das ist Motivation f\u00fcr uns, sich damit zu befassen.<\/p>\n\n\n\n<p>So stellt das Feldbahnmuseum Rommerskirchen-Oekoven heute einerseits eine nicht unbedeutende technikgeschichtliche Sammlung dar und vermittelt dem Besucher ein Transportsystem aus der vergangenen Epoche im realen Betriebseinsatz. Andererseits stellt die Arbeit im Museum eine Freizeitbesch\u00e4ftigung mit erheblichem Spa\u00dfpotential f\u00fcr Miglieder und andere Mitarbeitende dar!<\/p>\n\n\n\n<p>Nicht vergessen sollte man die touristische Bedeutung f\u00fcr die Region. Das Feldbahnmuseum ist inzwischen ein beliebtes Ausflugsziel. Und lecker Essen kann man dort auch!<\/p>\n\n\n\n<p>Alle Arbeiten werden im Museum von Mitgliedern des Vereins ehrenamtlich durchgef\u00fchrt. Finanziert wird dies alles durch Fahrbetrieb, Mitgliedsbeitr\u00e4ge, Spenden und den Betrieb des&nbsp;<a href=\"https:\/\/www.gillbachbahn.de\/wordpress\/bistro600\/\" data-type=\"URL\" data-id=\"https:\/\/www.gillbachbahn.de\/wordpress\/bistro600\/\" target=\"_blank\" rel=\"noreferrer noopener\">BISTRO 600<\/a>.<\/p>\n\n\n\n<p>Gef\u00f6rdert wird das Museum von der Gemeinde Rommerskirchen, dem Rhein-Kreis Neuss, dem LVR, der NRW-Stiftung sowie ortsans\u00e4ssigen Firmen und Einzelpersonen.<\/p>\n\n\n\n<p>Unsere Dauerausstellung wird folgende Themen beinhalten:<\/p>\n\n\n\n<ul class=\"wp-block-list\"><li>Geschichte der Feldbahn<\/li><li>Feldbahnen im Rheinland<\/li><li>Das Feldbahnmuseum Rommerskirchen-Oekoven<\/li><li>Die Kipplore<\/li><li>Baustellenfeldbahn<\/li><li>Tr\u00fcmmerbahn<\/li><li>Ziegeleibahn<\/li><li>Heeresfeldbahn<\/li><li>Loktechnik<\/li><li>Spurf\u00fchrung<\/li><li>Kinderecke<\/li><\/ul>\n\n\n\n<p>Das Museum befindet sich noch im Aufbau. Unsere erste Themeninsel &#8222;Tr\u00fcmmerbahn&#8220; ist bald fertig. Nun arbeiten wir an der n\u00e4chsten Themeninsel &#8222;Heeresfeldbahn&#8220;.<br><br><br><\/p>\n\n\n\n<p><\/p>\n\n\n\n<h2 class=\"wp-block-heading\">Unsere F\u00f6rderer<\/h2>\n\n\n\n<p>Wir sind dankbar und freuen uns \u00fcber die Unterst\u00fctzung unserer F\u00f6rderer. <br>Zu diesen d\u00fcrfen wir u. a. z\u00e4hlen:<\/p>\n\n\n\n<figure class=\"wp-block-image size-full\"><img loading=\"lazy\" decoding=\"async\" width=\"135\" height=\"126\" src=\"https:\/\/www.gillbachbahn.de\/wordpress\/wp-content\/uploads\/2022\/02\/logo-gemeinde-rommerskirchen.png\" alt=\"\" class=\"wp-image-515\"\/><\/figure>\n\n\n\n<figure class=\"wp-block-image size-large is-resized\"><img loading=\"lazy\" decoding=\"async\" src=\"https:\/\/www.gillbachbahn.de\/wordpress\/wp-content\/uploads\/2022\/02\/Rhein-Kreis_Neuss_Logo_blau-1024x666.png\" alt=\"\" class=\"wp-image-516\" width=\"285\" height=\"185\" srcset=\"https:\/\/www.gillbachbahn.de\/wordpress\/wp-content\/uploads\/2022\/02\/Rhein-Kreis_Neuss_Logo_blau-1024x666.png 1024w, https:\/\/www.gillbachbahn.de\/wordpress\/wp-content\/uploads\/2022\/02\/Rhein-Kreis_Neuss_Logo_blau-300x195.png 300w, https:\/\/www.gillbachbahn.de\/wordpress\/wp-content\/uploads\/2022\/02\/Rhein-Kreis_Neuss_Logo_blau-768x499.png 768w, https:\/\/www.gillbachbahn.de\/wordpress\/wp-content\/uploads\/2022\/02\/Rhein-Kreis_Neuss_Logo_blau-1536x998.png 1536w, https:\/\/www.gillbachbahn.de\/wordpress\/wp-content\/uploads\/2022\/02\/Rhein-Kreis_Neuss_Logo_blau.png 1920w\" sizes=\"auto, (max-width: 285px) 100vw, 285px\" \/><\/figure>\n\n\n\n<figure class=\"wp-block-image size-full is-resized\"><img loading=\"lazy\" decoding=\"async\" src=\"https:\/\/www.gillbachbahn.de\/wordpress\/wp-content\/uploads\/2022\/02\/Landschaftsverband-Rheinland-Logo.png\" alt=\"\" class=\"wp-image-512\" width=\"280\" height=\"168\" srcset=\"https:\/\/www.gillbachbahn.de\/wordpress\/wp-content\/uploads\/2022\/02\/Landschaftsverband-Rheinland-Logo.png 500w, https:\/\/www.gillbachbahn.de\/wordpress\/wp-content\/uploads\/2022\/02\/Landschaftsverband-Rheinland-Logo-300x180.png 300w, https:\/\/www.gillbachbahn.de\/wordpress\/wp-content\/uploads\/2022\/02\/Landschaftsverband-Rheinland-Logo-240x145.png 240w\" sizes=\"auto, (max-width: 280px) 100vw, 280px\" \/><\/figure>\n\n\n\n<figure class=\"wp-block-image size-full\"><img loading=\"lazy\" decoding=\"async\" width=\"149\" height=\"96\" src=\"https:\/\/www.gillbachbahn.de\/wordpress\/wp-content\/uploads\/2022\/02\/Logo_SSK-NE.png\" alt=\"\" class=\"wp-image-513\"\/><\/figure>\n\n\n\n<figure class=\"wp-block-image size-full is-resized\"><img loading=\"lazy\" decoding=\"async\" src=\"https:\/\/www.gillbachbahn.de\/wordpress\/wp-content\/uploads\/2022\/02\/NRW-Stiftung-Logo.png\" alt=\"\" class=\"wp-image-514\" width=\"259\" height=\"104\" srcset=\"https:\/\/www.gillbachbahn.de\/wordpress\/wp-content\/uploads\/2022\/02\/NRW-Stiftung-Logo.png 394w, https:\/\/www.gillbachbahn.de\/wordpress\/wp-content\/uploads\/2022\/02\/NRW-Stiftung-Logo-300x120.png 300w\" sizes=\"auto, (max-width: 259px) 100vw, 259px\" \/><\/figure>\n\n\n\n<figure class=\"wp-block-image size-full is-resized\"><img loading=\"lazy\" decoding=\"async\" src=\"https:\/\/www.gillbachbahn.de\/wordpress\/wp-content\/uploads\/2022\/02\/vr-bank_logo.png\" alt=\"\" class=\"wp-image-532\" width=\"363\" height=\"96\" srcset=\"https:\/\/www.gillbachbahn.de\/wordpress\/wp-content\/uploads\/2022\/02\/vr-bank_logo.png 787w, https:\/\/www.gillbachbahn.de\/wordpress\/wp-content\/uploads\/2022\/02\/vr-bank_logo-300x79.png 300w, https:\/\/www.gillbachbahn.de\/wordpress\/wp-content\/uploads\/2022\/02\/vr-bank_logo-768x203.png 768w\" sizes=\"auto, (max-width: 363px) 100vw, 363px\" \/><\/figure>\n\n\n\n<p>Weitere Firmen und Institutionen pr\u00e4sentieren wir vor Ort im Museum auf unserer F\u00f6rdererwand.<br><\/p>\n","protected":false},"excerpt":{"rendered":"<p>Das Feldbahnmuseum Rommerskirchen-Oekoven wurde 1976 in privater Initiative gegr\u00fcndet. Zu dieser Zeit traf man in den Betrieben viele abgestellte Feldbahnfahrzeuge an, die im Produktionsprozess nicht mehr gebraucht wurden. Daneben waren einige Fahrzeuge &#8211; besonders kleinere Dampflokomotiven &#8211; als Spielger\u00e4te auf Spielpl\u00e4tze gestellt worden. Oft handelte es sich um historisch wertvolle Fahrzeuge. Die etablierten Technik-Museen nahmen den Niedergang der Feldbahn damals nicht wahr. Die Bewahrung dieser Sachzeugen der Technikgeschichte war eine der Intentionen, die uns 1976 das Museum gr\u00fcnden lie\u00df. Dar\u00fcber hinaus haben Feldbahnen durchaus einen gewissen Spiel- und Freizeitwert. Auch das ist Motivation f\u00fcr uns, sich damit zu befassen. So&#8230; <\/p>\n","protected":false},"author":6,"featured_media":0,"parent":76,"menu_order":0,"comment_status":"closed","ping_status":"closed","template":"template-parts\/template-full-width.php","meta":{"footnotes":""},"class_list":["post-118","page","type-page","status-publish","hentry"],"publishpress_future_action":{"enabled":false,"date":"2026-04-22 13:18:08","action":"change-status","newStatus":"draft","terms":[],"taxonomy":"","extraData":[]},"publishpress_future_workflow_manual_trigger":{"enabledWorkflows":[]},"_links":{"self":[{"href":"https:\/\/www.gillbachbahn.de\/wordpress\/wp-json\/wp\/v2\/pages\/118","targetHints":{"allow":["GET"]}}],"collection":[{"href":"https:\/\/www.gillbachbahn.de\/wordpress\/wp-json\/wp\/v2\/pages"}],"about":[{"href":"https:\/\/www.gillbachbahn.de\/wordpress\/wp-json\/wp\/v2\/types\/page"}],"author":[{"embeddable":true,"href":"https:\/\/www.gillbachbahn.de\/wordpress\/wp-json\/wp\/v2\/users\/6"}],"replies":[{"embeddable":true,"href":"https:\/\/www.gillbachbahn.de\/wordpress\/wp-json\/wp\/v2\/comments?post=118"}],"version-history":[{"count":19,"href":"https:\/\/www.gillbachbahn.de\/wordpress\/wp-json\/wp\/v2\/pages\/118\/revisions"}],"predecessor-version":[{"id":533,"href":"https:\/\/www.gillbachbahn.de\/wordpress\/wp-json\/wp\/v2\/pages\/118\/revisions\/533"}],"up":[{"embeddable":true,"href":"https:\/\/www.gillbachbahn.de\/wordpress\/wp-json\/wp\/v2\/pages\/76"}],"wp:attachment":[{"href":"https:\/\/www.gillbachbahn.de\/wordpress\/wp-json\/wp\/v2\/media?parent=118"}],"curies":[{"name":"wp","href":"https:\/\/api.w.org\/{rel}","templated":true}]}}